{"id":14539,"date":"2025-04-10T02:15:23","date_gmt":"2025-04-09T23:15:23","guid":{"rendered":"https:\/\/turkishbankgroup.com\/en\/?page_id=14539"},"modified":"2025-06-04T16:42:04","modified_gmt":"2025-06-04T13:42:04","slug":"alliedturkishibu","status":"publish","type":"page","link":"https:\/\/turkishbankgroup.com\/en\/cyprus\/alliedturkishibu\/","title":{"rendered":"AlliedTurkish IBU"},"content":{"rendered":"\t\t<div data-elementor-type=\"wp-page\" data-elementor-id=\"14539\" class=\"elementor elementor-14539\" data-elementor-post-type=\"page\">\n\t\t\t\t\t\t<section class=\"elementor-section elementor-top-section elementor-element elementor-element-29996879 elementor-section-boxed elementor-section-height-default elementor-section-height-default\" data-id=\"29996879\" data-element_type=\"section\" data-e-type=\"section\" data-settings=\"{&quot;background_background&quot;:&quot;classic&quot;}\">\n\t\t\t\t\t\t<div class=\"elementor-container elementor-column-gap-default\">\n\t\t\t\t\t<div class=\"elementor-column elementor-col-100 elementor-top-column elementor-element elementor-element-7297dd37\" data-id=\"7297dd37\" data-element_type=\"column\" data-e-type=\"column\">\n\t\t\t<div class=\"elementor-widget-wrap elementor-element-populated\">\n\t\t\t\t\t\t<section class=\"elementor-section elementor-inner-section elementor-element elementor-element-3d73fe10 elementor-section-boxed elementor-section-height-default elementor-section-height-default\" data-id=\"3d73fe10\" data-element_type=\"section\" data-e-type=\"section\">\n\t\t\t\t\t\t<div class=\"elementor-container elementor-column-gap-default\">\n\t\t\t\t\t<div class=\"elementor-column elementor-col-50 elementor-inner-column elementor-element elementor-element-6a4a7015\" data-id=\"6a4a7015\" data-element_type=\"column\" data-e-type=\"column\">\n\t\t\t<div class=\"elementor-widget-wrap elementor-element-populated\">\n\t\t\t\t\t\t<div class=\"elementor-element elementor-element-569dfcfb elementor-widget__width-initial elementor-widget-tablet__width-initial elementor-widget elementor-widget-ucaddon_simple_list_menu\" data-id=\"569dfcfb\" data-element_type=\"widget\" data-e-type=\"widget\" data-widget_type=\"ucaddon_simple_list_menu.default\">\n\t\t\t\t<div class=\"elementor-widget-container\">\n\t\t\t\t\t\n<!-- start List Menu -->\n\t\t<link id='font-awesome-css' href='https:\/\/turkishbankgroup.com\/en\/wp-content\/plugins\/unlimited-elements-for-elementor-premium\/assets_libraries\/font-awesome6\/fontawesome-all.min.css' type='text\/css' rel='stylesheet' >\n\t\t<link id='font-awesome-4-shim-css' href='https:\/\/turkishbankgroup.com\/en\/wp-content\/plugins\/unlimited-elements-for-elementor-premium\/assets_libraries\/font-awesome6\/fontawesome-v4-shims.min.css' type='text\/css' rel='stylesheet' >\n\n<style>\/* widget: List Menu *\/\n\n#uc_simple_list_menu_elementor_569dfcfb\n{\n  text-align:left;\n}\n#uc_simple_list_menu_elementor_569dfcfb ul\n{\n  padding:0;\n  list-style:none;\n  margin:0;\n}\n\n#uc_simple_list_menu_elementor_569dfcfb ul li\n{\n  padding:0;\n  list-style:none;\n  margin:0;\n}\n\n#uc_simple_list_menu_elementor_569dfcfb ul li.current_page_item\n{\n  background-color:;\n}\n\n#uc_simple_list_menu_elementor_569dfcfb ul ul li.current_page_item\n{\n  background-color:;\n}\n\n#uc_simple_list_menu_elementor_569dfcfb ul ul ul li.current_page_item\n{\n  background-color:;\n}\n\n#uc_simple_list_menu_elementor_569dfcfb ul li:last-child\n{\n  border-bottom:none;\n}\n\n#uc_simple_list_menu_elementor_569dfcfb ul li a\n{\n  text-decoration:none;\n  display:block;\n}\n\n\n\n<\/style>\n\n<div id=\"uc_simple_list_menu_elementor_569dfcfb\" class=\"simple_list_menu\">\n<div class=\"ue_simple_list_menu_title\">Cyprus<\/div><ul id=\"menu-kuzey-kibris\" class=\"uc-list-menu\"><li id=\"menu-item-14689\" class=\"menu-item menu-item-type-post_type menu-item-object-page menu-item-14689\"><a href=\"https:\/\/turkishbankgroup.com\/en\/cyprus\/turkbankasi\/\">T\u00fcrkBankas\u0131<\/a><\/li>\n<li id=\"menu-item-14688\" class=\"menu-item menu-item-type-post_type menu-item-object-page menu-item-14688\"><a href=\"https:\/\/turkishbankgroup.com\/en\/cyprus\/alliedturkishibu\/\">AlliedTurkish IBU<\/a><\/li>\n<li id=\"menu-item-14687\" class=\"menu-item menu-item-type-post_type menu-item-object-page menu-item-14687\"><a href=\"https:\/\/turkishbankgroup.com\/en\/cyprus\/turksigorta\/\">T\u00fcrkSigorta<\/a><\/li>\n<\/ul>\n<\/div>\n<!-- end List Menu -->\t\t\t\t<\/div>\n\t\t\t\t<\/div>\n\t\t\t\t\t<\/div>\n\t\t<\/div>\n\t\t\t\t<div class=\"elementor-column elementor-col-50 elementor-inner-column elementor-element elementor-element-e8860b9\" data-id=\"e8860b9\" data-element_type=\"column\" data-e-type=\"column\">\n\t\t\t<div class=\"elementor-widget-wrap elementor-element-populated\">\n\t\t\t\t\t\t<div class=\"elementor-element elementor-element-1e83699d elementor-widget elementor-widget-pix-text\" data-id=\"1e83699d\" data-element_type=\"widget\" data-e-type=\"widget\" data-widget_type=\"pix-text.default\">\n\t\t\t\t<div class=\"elementor-widget-container\">\n\t\t\t\t\t<div class=\"pix-el-text w-100 text-left \" ><p class=\"resp-option text-left \"><p>AlliedTurkish International Banking Unit was established on June 16, 2003, with the aim of providing banking services to individuals and institutions not resident in the Turkish Republic of Northern Cyprus (TRNC), and of offering tailored solutions to meet the diverse needs of its clients.<\/p><p><br \/>Until November 12, 2008, the bank operated under the name AlliedTurkish Bank Offshore. In line with European Union regulations and to support the integration of the TRNC financial sector into international markets, the bank changed its name to AlliedTurkish Bank IBU (International Banking Unit) following the enactment of the International Banking Units Law on August 5, 2008. In 2022, the bank adopted its current name: AlliedTurkish International Banking Unit.<\/p><p><br \/>Operating within the TurkishBank Group, AlliedTurkish IBU stands out as the only unit solely dedicated to providing financial and banking services. This unique focus is its key differentiator from similar institutions. Backed by strong banking fundamentals such as liquidity, capital adequacy, profitability, and asset quality, the bank delivers bespoke solutions to its exclusive clientele. Today, it continues to uphold its historical and social mission as one of Cyprus&#8217;s most prestigious and exemplary banks.<\/p><\/p><\/div>\t\t\t\t<\/div>\n\t\t\t\t<\/div>\n\t\t\t\t<div class=\"elementor-element elementor-element-3eedbde6 elementor-widget elementor-widget-pix-button\" data-id=\"3eedbde6\" data-element_type=\"widget\" data-e-type=\"widget\" data-widget_type=\"pix-button.default\">\n\t\t\t\t<div class=\"elementor-widget-container\">\n\t\t\t\t\t<a  href=\"https:\/\/atbibu.com\/\" class=\"btn m-0      btn-link text-primary d-inline-flex align-items-center pix-hover-item  no-padding     btn-lg\"     ><span class=\"font-weight-bold \" >Click here to visit the AlliedTurkish IBU website<\/span><svg class=\"pixfort-icon font-weight-bold  pix-hover-right  ml-2\" width=\"24\" height=\"24\"  data-name=\"Line\/pixfort-icon-arrow-right-2\" viewBox=\"2 2 20 20\"><polyline fill=\"none\" stroke=\"var(--pf-icon-color)\" stroke-linecap=\"round\" stroke-linejoin=\"round\" stroke-width=\"var(--pf-icon-stroke-width)\" points=\"9.5 17 14.5 12 9.5 7\"\/><\/svg><\/a>\t\t\t\t<\/div>\n\t\t\t\t<\/div>\n\t\t\t\t\t<\/div>\n\t\t<\/div>\n\t\t\t\t\t<\/div>\n\t\t<\/section>\n\t\t\t\t\t<\/div>\n\t\t<\/div>\n\t\t\t\t\t<\/div>\n\t\t<\/section>\n\t\t\t\t<\/div>\n\t\t","protected":false},"excerpt":{"rendered":"<p>Cyprus T\u00fcrkBankas\u0131 AlliedTurkish IBU T\u00fcrkSigorta AlliedTurkish International Banking Unit was established on June 16, 2003, with the aim of providing banking services to individuals and institutions not resident in the Turkish Republic of Northern Cyprus (TRNC), and of offering tailored&#8230;<\/p>\n","protected":false},"author":1,"featured_media":0,"parent":14487,"menu_order":0,"comment_status":"closed","ping_status":"closed","template":"","meta":{"footnotes":""},"class_list":["post-14539","page","type-page","status-publish","hentry"],"_links":{"self":[{"href":"https:\/\/turkishbankgroup.com\/en\/wp-json\/wp\/v2\/pages\/14539","targetHints":{"allow":["GET"]}}],"collection":[{"href":"https:\/\/turkishbankgroup.com\/en\/wp-json\/wp\/v2\/pages"}],"about":[{"href":"https:\/\/turkishbankgroup.com\/en\/wp-json\/wp\/v2\/types\/page"}],"author":[{"embeddable":true,"href":"https:\/\/turkishbankgroup.com\/en\/wp-json\/wp\/v2\/users\/1"}],"replies":[{"embeddable":true,"href":"https:\/\/turkishbankgroup.com\/en\/wp-json\/wp\/v2\/comments?post=14539"}],"version-history":[{"count":69,"href":"https:\/\/turkishbankgroup.com\/en\/wp-json\/wp\/v2\/pages\/14539\/revisions"}],"predecessor-version":[{"id":16588,"href":"https:\/\/turkishbankgroup.com\/en\/wp-json\/wp\/v2\/pages\/14539\/revisions\/16588"}],"up":[{"embeddable":true,"href":"https:\/\/turkishbankgroup.com\/en\/wp-json\/wp\/v2\/pages\/14487"}],"wp:attachment":[{"href":"https:\/\/turkishbankgroup.com\/en\/wp-json\/wp\/v2\/media?parent=14539"}],"curies":[{"name":"wp","href":"https:\/\/api.w.org\/{rel}","templated":true}]}}