{"id":14549,"date":"2025-04-10T02:17:58","date_gmt":"2025-04-09T23:17:58","guid":{"rendered":"https:\/\/turkishbankgroup.com\/en\/?page_id=14549"},"modified":"2025-06-04T16:30:42","modified_gmt":"2025-06-04T13:30:42","slug":"turksigorta","status":"publish","type":"page","link":"https:\/\/turkishbankgroup.com\/en\/cyprus\/turksigorta\/","title":{"rendered":"T\u00fcrkSigorta"},"content":{"rendered":"\t\t<div data-elementor-type=\"wp-page\" data-elementor-id=\"14549\" class=\"elementor elementor-14549\" data-elementor-post-type=\"page\">\n\t\t\t\t\t\t<section class=\"elementor-section elementor-top-section elementor-element elementor-element-29996879 elementor-section-boxed elementor-section-height-default elementor-section-height-default\" data-id=\"29996879\" data-element_type=\"section\" data-e-type=\"section\" data-settings=\"{&quot;background_background&quot;:&quot;classic&quot;}\">\n\t\t\t\t\t\t<div class=\"elementor-container elementor-column-gap-default\">\n\t\t\t\t\t<div class=\"elementor-column elementor-col-100 elementor-top-column elementor-element elementor-element-7297dd37\" data-id=\"7297dd37\" data-element_type=\"column\" data-e-type=\"column\">\n\t\t\t<div class=\"elementor-widget-wrap elementor-element-populated\">\n\t\t\t\t\t\t<section class=\"elementor-section elementor-inner-section elementor-element elementor-element-3d73fe10 elementor-section-boxed elementor-section-height-default elementor-section-height-default\" data-id=\"3d73fe10\" data-element_type=\"section\" data-e-type=\"section\">\n\t\t\t\t\t\t<div class=\"elementor-container elementor-column-gap-default\">\n\t\t\t\t\t<div class=\"elementor-column elementor-col-50 elementor-inner-column elementor-element elementor-element-6a4a7015\" data-id=\"6a4a7015\" data-element_type=\"column\" data-e-type=\"column\">\n\t\t\t<div class=\"elementor-widget-wrap elementor-element-populated\">\n\t\t\t\t\t\t<div class=\"elementor-element elementor-element-569dfcfb elementor-widget__width-initial elementor-widget-tablet__width-initial elementor-widget elementor-widget-ucaddon_simple_list_menu\" data-id=\"569dfcfb\" data-element_type=\"widget\" data-e-type=\"widget\" data-widget_type=\"ucaddon_simple_list_menu.default\">\n\t\t\t\t<div class=\"elementor-widget-container\">\n\t\t\t\t\t\n<!-- start List Menu -->\n\t\t<link id='font-awesome-css' href='https:\/\/turkishbankgroup.com\/en\/wp-content\/plugins\/unlimited-elements-for-elementor-premium\/assets_libraries\/font-awesome6\/fontawesome-all.min.css' type='text\/css' rel='stylesheet' >\n\t\t<link id='font-awesome-4-shim-css' href='https:\/\/turkishbankgroup.com\/en\/wp-content\/plugins\/unlimited-elements-for-elementor-premium\/assets_libraries\/font-awesome6\/fontawesome-v4-shims.min.css' type='text\/css' rel='stylesheet' >\n\n<style>\/* widget: List Menu *\/\n\n#uc_simple_list_menu_elementor_569dfcfb\n{\n  text-align:left;\n}\n#uc_simple_list_menu_elementor_569dfcfb ul\n{\n  padding:0;\n  list-style:none;\n  margin:0;\n}\n\n#uc_simple_list_menu_elementor_569dfcfb ul li\n{\n  padding:0;\n  list-style:none;\n  margin:0;\n}\n\n#uc_simple_list_menu_elementor_569dfcfb ul li.current_page_item\n{\n  background-color:;\n}\n\n#uc_simple_list_menu_elementor_569dfcfb ul ul li.current_page_item\n{\n  background-color:;\n}\n\n#uc_simple_list_menu_elementor_569dfcfb ul ul ul li.current_page_item\n{\n  background-color:;\n}\n\n#uc_simple_list_menu_elementor_569dfcfb ul li:last-child\n{\n  border-bottom:none;\n}\n\n#uc_simple_list_menu_elementor_569dfcfb ul li a\n{\n  text-decoration:none;\n  display:block;\n}\n\n\n\n<\/style>\n\n<div id=\"uc_simple_list_menu_elementor_569dfcfb\" class=\"simple_list_menu\">\n<div class=\"ue_simple_list_menu_title\">Cyprus<\/div><ul id=\"menu-kuzey-kibris\" class=\"uc-list-menu\"><li id=\"menu-item-14689\" class=\"menu-item menu-item-type-post_type menu-item-object-page menu-item-14689\"><a href=\"https:\/\/turkishbankgroup.com\/en\/cyprus\/turkbankasi\/\">T\u00fcrkBankas\u0131<\/a><\/li>\n<li id=\"menu-item-14688\" class=\"menu-item menu-item-type-post_type menu-item-object-page menu-item-14688\"><a href=\"https:\/\/turkishbankgroup.com\/en\/cyprus\/alliedturkishibu\/\">AlliedTurkish IBU<\/a><\/li>\n<li id=\"menu-item-14687\" class=\"menu-item menu-item-type-post_type menu-item-object-page menu-item-14687\"><a href=\"https:\/\/turkishbankgroup.com\/en\/cyprus\/turksigorta\/\">T\u00fcrkSigorta<\/a><\/li>\n<\/ul>\n<\/div>\n<!-- end List Menu -->\t\t\t\t<\/div>\n\t\t\t\t<\/div>\n\t\t\t\t\t<\/div>\n\t\t<\/div>\n\t\t\t\t<div class=\"elementor-column elementor-col-50 elementor-inner-column elementor-element elementor-element-e8860b9\" data-id=\"e8860b9\" data-element_type=\"column\" data-e-type=\"column\">\n\t\t\t<div class=\"elementor-widget-wrap elementor-element-populated\">\n\t\t\t\t\t\t<div class=\"elementor-element elementor-element-1e83699d elementor-widget elementor-widget-pix-text\" data-id=\"1e83699d\" data-element_type=\"widget\" data-e-type=\"widget\" data-widget_type=\"pix-text.default\">\n\t\t\t\t<div class=\"elementor-widget-container\">\n\t\t\t\t\t<div class=\"pix-el-text w-100 text-left \" ><p class=\"resp-option text-left \"><p>Having provided qualified and reliable banking services to the Turkish Cypriot community for many years, T\u00fcrkBankas\u0131 took an important step in the field of insurance to better meet the growing needs of its customers and to offer enhanced service quality. In 1996, the bank\u2019s insurance division was incorporated as a separate entity under the name Saray Sigorta.<\/p><p><br \/>In 2002, Saray Sigorta changed its name to T\u00fcrkSigorta.<\/p><\/p><\/div>\t\t\t\t<\/div>\n\t\t\t\t<\/div>\n\t\t\t\t<div class=\"elementor-element elementor-element-3eedbde6 elementor-widget elementor-widget-pix-button\" data-id=\"3eedbde6\" data-element_type=\"widget\" data-e-type=\"widget\" data-widget_type=\"pix-button.default\">\n\t\t\t\t<div class=\"elementor-widget-container\">\n\t\t\t\t\t<a  href=\"https:\/\/www.turksigorta.com\/\" class=\"btn m-0      btn-link text-primary d-inline-flex align-items-center pix-hover-item  no-padding     btn-lg\"     ><span class=\"font-weight-bold \" >Click here to visit the T\u00fcrkSigorta website<\/span><svg class=\"pixfort-icon font-weight-bold  pix-hover-right  ml-2\" width=\"24\" height=\"24\"  data-name=\"Line\/pixfort-icon-arrow-right-2\" viewBox=\"2 2 20 20\"><polyline fill=\"none\" stroke=\"var(--pf-icon-color)\" stroke-linecap=\"round\" stroke-linejoin=\"round\" stroke-width=\"var(--pf-icon-stroke-width)\" points=\"9.5 17 14.5 12 9.5 7\"\/><\/svg><\/a>\t\t\t\t<\/div>\n\t\t\t\t<\/div>\n\t\t\t\t\t<\/div>\n\t\t<\/div>\n\t\t\t\t\t<\/div>\n\t\t<\/section>\n\t\t\t\t\t<\/div>\n\t\t<\/div>\n\t\t\t\t\t<\/div>\n\t\t<\/section>\n\t\t\t\t<\/div>\n\t\t","protected":false},"excerpt":{"rendered":"<p>Cyprus T\u00fcrkBankas\u0131 AlliedTurkish IBU T\u00fcrkSigorta Having provided qualified and reliable banking services to the Turkish Cypriot community for many years, T\u00fcrkBankas\u0131 took an important step in the field of insurance to better meet the growing needs of its customers and&#8230;<\/p>\n","protected":false},"author":1,"featured_media":0,"parent":14487,"menu_order":0,"comment_status":"closed","ping_status":"closed","template":"","meta":{"footnotes":""},"class_list":["post-14549","page","type-page","status-publish","hentry"],"_links":{"self":[{"href":"https:\/\/turkishbankgroup.com\/en\/wp-json\/wp\/v2\/pages\/14549","targetHints":{"allow":["GET"]}}],"collection":[{"href":"https:\/\/turkishbankgroup.com\/en\/wp-json\/wp\/v2\/pages"}],"about":[{"href":"https:\/\/turkishbankgroup.com\/en\/wp-json\/wp\/v2\/types\/page"}],"author":[{"embeddable":true,"href":"https:\/\/turkishbankgroup.com\/en\/wp-json\/wp\/v2\/users\/1"}],"replies":[{"embeddable":true,"href":"https:\/\/turkishbankgroup.com\/en\/wp-json\/wp\/v2\/comments?post=14549"}],"version-history":[{"count":50,"href":"https:\/\/turkishbankgroup.com\/en\/wp-json\/wp\/v2\/pages\/14549\/revisions"}],"predecessor-version":[{"id":16564,"href":"https:\/\/turkishbankgroup.com\/en\/wp-json\/wp\/v2\/pages\/14549\/revisions\/16564"}],"up":[{"embeddable":true,"href":"https:\/\/turkishbankgroup.com\/en\/wp-json\/wp\/v2\/pages\/14487"}],"wp:attachment":[{"href":"https:\/\/turkishbankgroup.com\/en\/wp-json\/wp\/v2\/media?parent=14549"}],"curies":[{"name":"wp","href":"https:\/\/api.w.org\/{rel}","templated":true}]}}