{"id":14612,"date":"2025-04-10T02:55:39","date_gmt":"2025-04-09T23:55:39","guid":{"rendered":"https:\/\/turkishbankgroup.com\/en\/?page_id=14612"},"modified":"2026-04-02T01:57:46","modified_gmt":"2026-04-01T22:57:46","slug":"turkishbank-group","status":"publish","type":"page","link":"https:\/\/turkishbankgroup.com\/en\/about-us\/turkishbank-group\/","title":{"rendered":"TurkishBank Group"},"content":{"rendered":"\t\t<div data-elementor-type=\"wp-page\" data-elementor-id=\"14612\" class=\"elementor elementor-14612\" data-elementor-post-type=\"page\">\n\t\t\t\t\t\t<section class=\"elementor-section elementor-top-section elementor-element elementor-element-29996879 elementor-section-boxed elementor-section-height-default elementor-section-height-default\" data-id=\"29996879\" data-element_type=\"section\" data-e-type=\"section\" data-settings=\"{&quot;background_background&quot;:&quot;classic&quot;}\">\n\t\t\t\t\t\t<div class=\"elementor-container elementor-column-gap-default\">\n\t\t\t\t\t<div class=\"elementor-column elementor-col-100 elementor-top-column elementor-element elementor-element-7297dd37\" data-id=\"7297dd37\" data-element_type=\"column\" data-e-type=\"column\">\n\t\t\t<div class=\"elementor-widget-wrap elementor-element-populated\">\n\t\t\t\t\t\t<section class=\"elementor-section elementor-inner-section elementor-element elementor-element-3d73fe10 elementor-section-boxed elementor-section-height-default elementor-section-height-default\" data-id=\"3d73fe10\" data-element_type=\"section\" data-e-type=\"section\">\n\t\t\t\t\t\t<div class=\"elementor-container elementor-column-gap-default\">\n\t\t\t\t\t<div class=\"elementor-column elementor-col-50 elementor-inner-column elementor-element elementor-element-6a4a7015\" data-id=\"6a4a7015\" data-element_type=\"column\" data-e-type=\"column\">\n\t\t\t<div class=\"elementor-widget-wrap elementor-element-populated\">\n\t\t\t\t\t\t<div class=\"elementor-element elementor-element-569dfcfb elementor-widget__width-initial elementor-widget-tablet__width-initial elementor-widget elementor-widget-ucaddon_simple_list_menu\" data-id=\"569dfcfb\" data-element_type=\"widget\" data-e-type=\"widget\" data-widget_type=\"ucaddon_simple_list_menu.default\">\n\t\t\t\t<div class=\"elementor-widget-container\">\n\t\t\t\t\t\n<!-- start List Menu -->\n\t\t<link id='font-awesome-css' href='https:\/\/turkishbankgroup.com\/en\/wp-content\/plugins\/unlimited-elements-for-elementor-premium\/assets_libraries\/font-awesome6\/fontawesome-all.min.css' type='text\/css' rel='stylesheet' >\n\t\t<link id='font-awesome-4-shim-css' href='https:\/\/turkishbankgroup.com\/en\/wp-content\/plugins\/unlimited-elements-for-elementor-premium\/assets_libraries\/font-awesome6\/fontawesome-v4-shims.min.css' type='text\/css' rel='stylesheet' >\n\n<style>\/* widget: List Menu *\/\n\n#uc_simple_list_menu_elementor_569dfcfb\n{\n  text-align:left;\n}\n#uc_simple_list_menu_elementor_569dfcfb ul\n{\n  padding:0;\n  list-style:none;\n  margin:0;\n}\n\n#uc_simple_list_menu_elementor_569dfcfb ul li\n{\n  padding:0;\n  list-style:none;\n  margin:0;\n}\n\n#uc_simple_list_menu_elementor_569dfcfb ul li.current_page_item\n{\n  background-color:;\n}\n\n#uc_simple_list_menu_elementor_569dfcfb ul ul li.current_page_item\n{\n  background-color:;\n}\n\n#uc_simple_list_menu_elementor_569dfcfb ul ul ul li.current_page_item\n{\n  background-color:;\n}\n\n#uc_simple_list_menu_elementor_569dfcfb ul li:last-child\n{\n  border-bottom:none;\n}\n\n#uc_simple_list_menu_elementor_569dfcfb ul li a\n{\n  text-decoration:none;\n  display:block;\n}\n\n\n\n<\/style>\n\n<div id=\"uc_simple_list_menu_elementor_569dfcfb\" class=\"simple_list_menu\">\n<div class=\"ue_simple_list_menu_title\">About Us<\/div><ul id=\"menu-hakkimizda\" class=\"uc-list-menu\"><li id=\"menu-item-14686\" class=\"menu-item menu-item-type-post_type menu-item-object-page menu-item-14686\"><a href=\"https:\/\/turkishbankgroup.com\/en\/about-us\/turkishbank-group\/\">TurkishBank Group<\/a><\/li>\n<li id=\"menu-item-14264\" class=\"menu-item menu-item-type-custom menu-item-object-custom menu-item-14264\"><a href=\"https:\/\/turkishbankgroup.com\/en\/about-us\/history\/\">History<\/a><\/li>\n<li id=\"menu-item-14685\" class=\"menu-item menu-item-type-post_type menu-item-object-page menu-item-14685\"><a href=\"https:\/\/turkishbankgroup.com\/en\/about-us\/mission-and-vision\/\">Mission and Vision<\/a><\/li>\n<li id=\"menu-item-14684\" class=\"menu-item menu-item-type-post_type menu-item-object-page menu-item-14684\"><a href=\"https:\/\/turkishbankgroup.com\/en\/about-us\/corporate-values\/\">Our Corporate Values<\/a><\/li>\n<\/ul>\n<\/div>\n<!-- end List Menu -->\t\t\t\t<\/div>\n\t\t\t\t<\/div>\n\t\t\t\t\t<\/div>\n\t\t<\/div>\n\t\t\t\t<div class=\"elementor-column elementor-col-50 elementor-inner-column elementor-element elementor-element-e8860b9\" data-id=\"e8860b9\" data-element_type=\"column\" data-e-type=\"column\">\n\t\t\t<div class=\"elementor-widget-wrap elementor-element-populated\">\n\t\t\t\t\t\t<div class=\"elementor-element elementor-element-1e83699d elementor-widget elementor-widget-pix-text\" data-id=\"1e83699d\" data-element_type=\"widget\" data-e-type=\"widget\" data-widget_type=\"pix-text.default\">\n\t\t\t\t<div class=\"elementor-widget-container\">\n\t\t\t\t\t<div class=\"pix-el-text w-100 text-left \" ><p class=\"resp-option text-left \"><p>TurkishBank Group, with over 125 years of experience and its approach of &#8220;Banking Beyond Borders<i>&#8220;<\/i>, provides high-quality services in banking, investment banking, and insurance across three countries: T\u00fcrkiye, the Turkish Republic of Northern Cyprus (TRNC), and the United Kingdom.<\/p><p>\u00a0<\/p><p>The Group\u2019s well-established journey began in 1901 in the TRNC, expanded to the United Kingdom in 1974, and has continued in T\u00fcrkiye since 1982.<\/p><p>\u00a0<\/p><p>In 2019, as a reflection of its innovative and forward-thinking vision, TurkishBank launched Open Investment Platform, a unique investment service operating in T\u00fcrkiye and Cyprus, focused on creating value for distinguished and qualified investors. In 2021, the Group established T-Gate, a dynamic ecosystem formed under Turkish Digital Technologies with TEK-MER approval. T-Gate connects entrepreneurs and investors, serving as a gateway to global markets for financial technology companies.<\/p><p>\u00a0<\/p><p>Drawing on its rich legacy, TurkishBank Group accelerates its progress toward building the banking of the future through innovative business models that combine a pioneering spirit with visionary thinking. In recognition of these efforts, the Group was honored with the <b>&#8220;Best Innovation in Retail Banking \u2013 T\u00fcrkiye&#8221;<\/b> award at the <b>International Banker Awards 2021<\/b>, earning the title of &#8220;Most Innovative Bank.&#8221;<\/p><\/p><\/div>\t\t\t\t<\/div>\n\t\t\t\t<\/div>\n\t\t\t\t<div class=\"elementor-element elementor-element-3eedbde6 elementor-hidden-desktop elementor-hidden-tablet elementor-hidden-mobile elementor-widget elementor-widget-pix-button\" data-id=\"3eedbde6\" data-element_type=\"widget\" data-e-type=\"widget\" data-widget_type=\"pix-button.default\">\n\t\t\t\t<div class=\"elementor-widget-container\">\n\t\t\t\t\t<a  href=\"https:\/\/www.turkishbank.com\/\" class=\"btn m-0      btn-link text-primary d-inline-flex align-items-center pix-hover-item  no-padding     btn-lg\"     ><span class=\"font-weight-bold \" >TurkishBank web sitesine ula\u015fmak i\u00e7in t\u0131klay\u0131n\u0131z<\/span><svg class=\"pixfort-icon font-weight-bold  pix-hover-right  ml-2\" width=\"24\" height=\"24\"  data-name=\"Line\/pixfort-icon-arrow-right-2\" viewBox=\"2 2 20 20\"><polyline fill=\"none\" stroke=\"var(--pf-icon-color)\" stroke-linecap=\"round\" stroke-linejoin=\"round\" stroke-width=\"var(--pf-icon-stroke-width)\" points=\"9.5 17 14.5 12 9.5 7\"\/><\/svg><\/a>\t\t\t\t<\/div>\n\t\t\t\t<\/div>\n\t\t\t\t\t<\/div>\n\t\t<\/div>\n\t\t\t\t\t<\/div>\n\t\t<\/section>\n\t\t\t\t\t<\/div>\n\t\t<\/div>\n\t\t\t\t\t<\/div>\n\t\t<\/section>\n\t\t<div class=\"elementor-element elementor-element-2a8ca42e e-flex e-con-boxed e-con e-parent\" data-id=\"2a8ca42e\" data-element_type=\"container\" data-e-type=\"container\">\n\t\t\t\t\t<div class=\"e-con-inner\">\n\t\t\t\t\t<\/div>\n\t\t\t\t<\/div>\n\t\t\t\t<\/div>\n\t\t","protected":false},"excerpt":{"rendered":"<p>About Us TurkishBank Group History Mission and Vision Our Corporate Values TurkishBank Group, with over 125 years of experience and its approach of &#8220;Banking Beyond Borders&#8220;, provides high-quality services in banking, investment banking, and insurance across three countries: T\u00fcrkiye, the&#8230;<\/p>\n","protected":false},"author":1,"featured_media":0,"parent":14577,"menu_order":0,"comment_status":"closed","ping_status":"closed","template":"","meta":{"footnotes":""},"class_list":["post-14612","page","type-page","status-publish","hentry"],"_links":{"self":[{"href":"https:\/\/turkishbankgroup.com\/en\/wp-json\/wp\/v2\/pages\/14612","targetHints":{"allow":["GET"]}}],"collection":[{"href":"https:\/\/turkishbankgroup.com\/en\/wp-json\/wp\/v2\/pages"}],"about":[{"href":"https:\/\/turkishbankgroup.com\/en\/wp-json\/wp\/v2\/types\/page"}],"author":[{"embeddable":true,"href":"https:\/\/turkishbankgroup.com\/en\/wp-json\/wp\/v2\/users\/1"}],"replies":[{"embeddable":true,"href":"https:\/\/turkishbankgroup.com\/en\/wp-json\/wp\/v2\/comments?post=14612"}],"version-history":[{"count":45,"href":"https:\/\/turkishbankgroup.com\/en\/wp-json\/wp\/v2\/pages\/14612\/revisions"}],"predecessor-version":[{"id":17054,"href":"https:\/\/turkishbankgroup.com\/en\/wp-json\/wp\/v2\/pages\/14612\/revisions\/17054"}],"up":[{"embeddable":true,"href":"https:\/\/turkishbankgroup.com\/en\/wp-json\/wp\/v2\/pages\/14577"}],"wp:attachment":[{"href":"https:\/\/turkishbankgroup.com\/en\/wp-json\/wp\/v2\/media?parent=14612"}],"curies":[{"name":"wp","href":"https:\/\/api.w.org\/{rel}","templated":true}]}}