{"id":14897,"date":"2025-04-10T10:30:50","date_gmt":"2025-04-10T07:30:50","guid":{"rendered":"https:\/\/turkishbankgroup.com\/en\/?page_id=14897"},"modified":"2026-03-05T14:09:25","modified_gmt":"2026-03-05T11:09:25","slug":"our-head-offices","status":"publish","type":"page","link":"https:\/\/turkishbankgroup.com\/en\/our-head-offices\/","title":{"rendered":"Our Head Offices"},"content":{"rendered":"\t\t<div data-elementor-type=\"wp-page\" data-elementor-id=\"14897\" class=\"elementor elementor-14897\" data-elementor-post-type=\"page\">\n\t\t\t\t\t\t<section class=\"elementor-section elementor-top-section elementor-element elementor-element-52f9697c elementor-section-boxed elementor-section-height-default elementor-section-height-default\" data-id=\"52f9697c\" data-element_type=\"section\" data-e-type=\"section\" data-settings=\"{&quot;background_background&quot;:&quot;classic&quot;}\">\n\t\t\t\t\t\t<div class=\"elementor-container elementor-column-gap-default\">\n\t\t\t\t\t<div class=\"elementor-column elementor-col-100 elementor-top-column elementor-element elementor-element-71422167\" data-id=\"71422167\" data-element_type=\"column\" data-e-type=\"column\">\n\t\t\t<div class=\"elementor-widget-wrap elementor-element-populated\">\n\t\t\t\t\t\t<section class=\"elementor-section elementor-inner-section elementor-element elementor-element-7c207aa7 elementor-section-boxed elementor-section-height-default elementor-section-height-default\" data-id=\"7c207aa7\" data-element_type=\"section\" data-e-type=\"section\">\n\t\t\t\t\t\t<div class=\"elementor-container elementor-column-gap-default\">\n\t\t\t\t\t<div class=\"elementor-column elementor-col-50 elementor-inner-column elementor-element elementor-element-52c83f5e\" data-id=\"52c83f5e\" data-element_type=\"column\" data-e-type=\"column\">\n\t\t\t<div class=\"elementor-widget-wrap elementor-element-populated\">\n\t\t\t\t\t\t<div class=\"elementor-element elementor-element-562bd866 elementor-widget__width-initial elementor-widget-tablet__width-initial elementor-widget elementor-widget-ucaddon_simple_list_menu\" data-id=\"562bd866\" data-element_type=\"widget\" data-e-type=\"widget\" data-widget_type=\"ucaddon_simple_list_menu.default\">\n\t\t\t\t<div class=\"elementor-widget-container\">\n\t\t\t\t\t\n<!-- start List Menu -->\n\t\t<link id='font-awesome-css' href='https:\/\/turkishbankgroup.com\/en\/wp-content\/plugins\/unlimited-elements-for-elementor-premium\/assets_libraries\/font-awesome6\/fontawesome-all.min.css' type='text\/css' rel='stylesheet' >\n\t\t<link id='font-awesome-4-shim-css' href='https:\/\/turkishbankgroup.com\/en\/wp-content\/plugins\/unlimited-elements-for-elementor-premium\/assets_libraries\/font-awesome6\/fontawesome-v4-shims.min.css' type='text\/css' rel='stylesheet' >\n\n<style>\/* widget: List Menu *\/\n\n#uc_simple_list_menu_elementor_562bd866\n{\n  text-align:left;\n}\n#uc_simple_list_menu_elementor_562bd866 ul\n{\n  padding:0;\n  list-style:none;\n  margin:0;\n}\n\n#uc_simple_list_menu_elementor_562bd866 ul li\n{\n  padding:0;\n  list-style:none;\n  margin:0;\n}\n\n#uc_simple_list_menu_elementor_562bd866 ul li.current_page_item\n{\n  background-color:;\n}\n\n#uc_simple_list_menu_elementor_562bd866 ul ul li.current_page_item\n{\n  background-color:;\n}\n\n#uc_simple_list_menu_elementor_562bd866 ul ul ul li.current_page_item\n{\n  background-color:;\n}\n\n#uc_simple_list_menu_elementor_562bd866 ul li:last-child\n{\n  border-bottom:none;\n}\n\n#uc_simple_list_menu_elementor_562bd866 ul li a\n{\n  text-decoration:none;\n  display:block;\n}\n\n\n\n<\/style>\n\n<div id=\"uc_simple_list_menu_elementor_562bd866\" class=\"simple_list_menu\">\n<div class=\"ue_simple_list_menu_title\">TurkishBank Group<\/div><ul id=\"menu-alt-menu-yeni\" class=\"uc-list-menu\"><li id=\"menu-item-14916\" class=\"menu-item menu-item-type-post_type menu-item-object-page menu-item-14916\"><a href=\"https:\/\/turkishbankgroup.com\/en\/our-head-offices\/\">Our Head Offices<\/a><\/li>\n<li id=\"menu-item-14917\" class=\"menu-item menu-item-type-post_type menu-item-object-page menu-item-14917\"><a href=\"https:\/\/turkishbankgroup.com\/en\/our-group-companies\/\">Our Group Companies<\/a><\/li>\n<\/ul>\n<\/div>\n<!-- end List Menu -->\t\t\t\t<\/div>\n\t\t\t\t<\/div>\n\t\t\t\t\t<\/div>\n\t\t<\/div>\n\t\t\t\t<div class=\"elementor-column elementor-col-50 elementor-inner-column elementor-element elementor-element-320cb7ab\" data-id=\"320cb7ab\" data-element_type=\"column\" data-e-type=\"column\">\n\t\t\t<div class=\"elementor-widget-wrap elementor-element-populated\">\n\t\t\t\t\t\t<div class=\"elementor-element elementor-element-55df85fc elementor-widget elementor-widget-pix-text\" data-id=\"55df85fc\" data-element_type=\"widget\" data-e-type=\"widget\" data-widget_type=\"pix-text.default\">\n\t\t\t\t<div class=\"elementor-widget-container\">\n\t\t\t\t\t<div class=\"pix-el-text w-100 text-left \" ><p class=\"resp-option text-left \"><h5><strong><span style=\"color: #dc5f13;\">Our Head Offices<\/span><\/strong><\/h5><\/p><\/div>\t\t\t\t<\/div>\n\t\t\t\t<\/div>\n\t\t\t\t<div class=\"elementor-element elementor-element-45efe6c elementor-widget__width-inherit elementor-widget elementor-widget-pix-accordion\" data-id=\"45efe6c\" data-element_type=\"widget\" data-e-type=\"widget\" data-widget_type=\"pix-accordion.default\">\n\t\t\t\t<div class=\"elementor-widget-container\">\n\t\t\t\t\t<div class=\"accordion w-100 accordion-card bg-white2 rounded-lg2\" id=\"accordion-45efe6c\"><div class=\"card\">\n               <div class=\"card-header pix-mb-10 shadow-sm rounded-lg bg-custom\" id=\"headingpix-tab-45efe6c-4348427\" style=\"background:#A59B94 !important\">\n                   <button class=\"btn btn-link d-flex text-left\" type=\"button\" data-toggle=\"collapse\" data-target=\"#collapsepix-tab-45efe6c-4348427\" aria-expanded=\"true\" aria-controls=\"collapsepix-tab-45efe6c-4348427\"><span class=\"d-inline-flex align-self-center text-secondary svg-202 text-20 pix-mr-10\"><svg class=\"pixfort-icon \" width=\"24\" height=\"24\"  data-name=\"Line\/pixfort-icon-arrow-right-2\" viewBox=\"2 2 20 20\"><polyline fill=\"none\" stroke=\"var(--pf-icon-color)\" stroke-linecap=\"round\" stroke-linejoin=\"round\" stroke-width=\"var(--pf-icon-stroke-width)\" points=\"9.5 17 14.5 12 9.5 7\"\/><\/svg><\/span><span class=\"d-inline-flex  text-secondary\" >T\u00fcrkBankas\u0131 - Cyprus<\/span><\/button>\n               <\/div>\n\n               <div id=\"collapsepix-tab-45efe6c-4348427\" class=\"collapse \" aria-labelledby=\"headingpix-tab-45efe6c-4348427\">\n                 <div class=\"card-body\"><p>92 Girne Cad. Lefko\u015fa \/ K\u0131br\u0131s<\/p><p><b>Tel: <\/b>(90) (392) 600 33 33<\/p><p><b>\u00c7a\u011fr\u0131 Merkezi: <\/b>(90) (392) 444 73 73<\/p><p><b>Fax<\/b><b>: <\/b>(90) (392) 227 94 47<\/p><p><b>Web: <\/b><span style=\"color: #dc5f13;\"><a style=\"color: #dc5f13;\" href=\"https:\/\/www.turkishbank.net\/\">https:\/\/www.turkishbank.net\/<\/a><\/span><\/p><\/div>\n               <\/div>\n             <\/div><\/div>\t\t\t\t<\/div>\n\t\t\t\t<\/div>\n\t\t\t\t<div class=\"elementor-element elementor-element-0d4f453 elementor-widget__width-inherit elementor-widget elementor-widget-pix-accordion\" data-id=\"0d4f453\" data-element_type=\"widget\" data-e-type=\"widget\" data-widget_type=\"pix-accordion.default\">\n\t\t\t\t<div class=\"elementor-widget-container\">\n\t\t\t\t\t<div class=\"accordion w-100 accordion-card bg-white2 rounded-lg2\" id=\"accordion-0d4f453\"><div class=\"card\">\n               <div class=\"card-header pix-mb-10 shadow-sm rounded-lg bg-custom\" id=\"headingpix-tab-0d4f453-4348427\" style=\"background:#DC5F13 !important\">\n                   <button class=\"btn btn-link d-flex text-left\" type=\"button\" data-toggle=\"collapse\" data-target=\"#collapsepix-tab-0d4f453-4348427\" aria-expanded=\"true\" aria-controls=\"collapsepix-tab-0d4f453-4348427\"><span class=\"d-inline-flex align-self-center text-white svg-202 text-20 pix-mr-10\"><svg class=\"pixfort-icon \" width=\"24\" height=\"24\"  data-name=\"Line\/pixfort-icon-arrow-right-2\" viewBox=\"2 2 20 20\"><polyline fill=\"none\" stroke=\"var(--pf-icon-color)\" stroke-linecap=\"round\" stroke-linejoin=\"round\" stroke-width=\"var(--pf-icon-stroke-width)\" points=\"9.5 17 14.5 12 9.5 7\"\/><\/svg><\/span><span class=\"d-inline-flex  text-white\" >AlliedTurkish IBU - Cyprus<\/span><\/button>\n               <\/div>\n\n               <div id=\"collapsepix-tab-0d4f453-4348427\" class=\"collapse \" aria-labelledby=\"headingpix-tab-0d4f453-4348427\">\n                 <div class=\"card-body\"><p>182 Girne Caddesi Kat: 2 Lefko\u015fa \/ K\u0131br\u0131s<br \/><b>Tel: <\/b>(90) (392) 600 33 88 \u2013 228 48 36 \u2013 228 98 91<br \/><b>Fax<\/b><b>: <\/b>(90) (392) 228 99 58<\/p><p><b>Web: <\/b><span style=\"color: #dc5f13;\"><a style=\"color: #dc5f13;\" href=\"https:\/\/atbibu.com\/\">https:\/\/atbibu.com\/<\/a><\/span><\/p><\/div>\n               <\/div>\n             <\/div><\/div>\t\t\t\t<\/div>\n\t\t\t\t<\/div>\n\t\t\t\t<div class=\"elementor-element elementor-element-4852b9a elementor-widget__width-inherit elementor-widget elementor-widget-pix-accordion\" data-id=\"4852b9a\" data-element_type=\"widget\" data-e-type=\"widget\" data-widget_type=\"pix-accordion.default\">\n\t\t\t\t<div class=\"elementor-widget-container\">\n\t\t\t\t\t<div class=\"accordion w-100 accordion-card bg-white2 rounded-lg2\" id=\"accordion-4852b9a\"><div class=\"card\">\n               <div class=\"card-header pix-mb-10 shadow-sm rounded-lg bg-custom\" id=\"headingpix-tab-4852b9a-4348427\" style=\"background:#A59B94 !important\">\n                   <button class=\"btn btn-link d-flex text-left\" type=\"button\" data-toggle=\"collapse\" data-target=\"#collapsepix-tab-4852b9a-4348427\" aria-expanded=\"true\" aria-controls=\"collapsepix-tab-4852b9a-4348427\"><span class=\"d-inline-flex align-self-center text-secondary svg-202 text-20 pix-mr-10\"><svg class=\"pixfort-icon \" width=\"24\" height=\"24\"  data-name=\"Line\/pixfort-icon-arrow-right-2\" viewBox=\"2 2 20 20\"><polyline fill=\"none\" stroke=\"var(--pf-icon-color)\" stroke-linecap=\"round\" stroke-linejoin=\"round\" stroke-width=\"var(--pf-icon-stroke-width)\" points=\"9.5 17 14.5 12 9.5 7\"\/><\/svg><\/span><span class=\"d-inline-flex  text-secondary\" >T\u00fcrkSigorta - Cyprus<\/span><\/button>\n               <\/div>\n\n               <div id=\"collapsepix-tab-4852b9a-4348427\" class=\"collapse \" aria-labelledby=\"headingpix-tab-4852b9a-4348427\">\n                 <div class=\"card-body\"><p>182 Girne Caddesi Lefko\u015fa \/ K\u0131br\u0131s<\/p><p><b>Tel: <\/b>(90) (392) 600 34 00<br \/><b>Fax<\/b><b>: <\/b>(90) (392) 227 90 01<\/p><p><b>Web: <\/b><span style=\"color: #dc5f13;\"><a style=\"color: #dc5f13;\" href=\"https:\/\/www.turksigorta.com\/\">https:\/\/www.turksigorta.com\/<\/a><\/span><\/p><\/div>\n               <\/div>\n             <\/div><\/div>\t\t\t\t<\/div>\n\t\t\t\t<\/div>\n\t\t\t\t<div class=\"elementor-element elementor-element-1db7aab elementor-widget__width-inherit elementor-widget elementor-widget-pix-accordion\" data-id=\"1db7aab\" data-element_type=\"widget\" data-e-type=\"widget\" data-widget_type=\"pix-accordion.default\">\n\t\t\t\t<div class=\"elementor-widget-container\">\n\t\t\t\t\t<div class=\"accordion w-100 accordion-card bg-white2 rounded-lg2\" id=\"accordion-1db7aab\"><div class=\"card\">\n               <div class=\"card-header pix-mb-10 shadow-sm rounded-lg bg-custom\" id=\"headingpix-tab-1db7aab-981bc8f\" style=\"background:#DC5F13 !important\">\n                   <button class=\"btn btn-link d-flex text-left\" type=\"button\" data-toggle=\"collapse\" data-target=\"#collapsepix-tab-1db7aab-981bc8f\" aria-expanded=\"true\" aria-controls=\"collapsepix-tab-1db7aab-981bc8f\"><span class=\"d-inline-flex align-self-center text-white svg-202 text-20 pix-mr-10\"><svg class=\"pixfort-icon \" width=\"24\" height=\"24\"  data-name=\"Line\/pixfort-icon-arrow-right-2\" viewBox=\"2 2 20 20\"><polyline fill=\"none\" stroke=\"var(--pf-icon-color)\" stroke-linecap=\"round\" stroke-linejoin=\"round\" stroke-width=\"var(--pf-icon-stroke-width)\" points=\"9.5 17 14.5 12 9.5 7\"\/><\/svg><\/span><span class=\"d-inline-flex  text-white\" >TurkishBank UK - United Kingdom<\/span><\/button>\n               <\/div>\n\n               <div id=\"collapsepix-tab-1db7aab-981bc8f\" class=\"collapse \" aria-labelledby=\"headingpix-tab-1db7aab-981bc8f\">\n                 <div class=\"card-body\"><p>84 \u2013 86 Borough High Street London SE1 1LN<br \/><b>Tel: <\/b>(44) 0207 403 56 56<\/p><p><b>Call Center: <\/b>(44) 0800 032 04 80<\/p><p><b>Fax<\/b><b>: <\/b>(44) 0207 939 92 61<\/p><p><b>Web: <\/b><span style=\"color: #dc5f13;\"><a style=\"color: #dc5f13;\" href=\"https:\/\/www.turkishbank.co.uk\/\">https:\/\/www.turkishbank.co.uk\/<\/a><\/span><\/p><\/div>\n               <\/div>\n             <\/div><\/div>\t\t\t\t<\/div>\n\t\t\t\t<\/div>\n\t\t\t\t<div class=\"elementor-element elementor-element-54c3d71 elementor-widget__width-inherit elementor-widget elementor-widget-pix-accordion\" data-id=\"54c3d71\" data-element_type=\"widget\" data-e-type=\"widget\" data-widget_type=\"pix-accordion.default\">\n\t\t\t\t<div class=\"elementor-widget-container\">\n\t\t\t\t\t<div class=\"accordion w-100 accordion-card bg-white2 rounded-lg2\" id=\"accordion-54c3d71\"><div class=\"card\">\n               <div class=\"card-header pix-mb-10 shadow-sm rounded-lg bg-custom\" id=\"headingpix-tab-54c3d71-981bc8f\" style=\"background:#A59B94 !important\">\n                   <button class=\"btn btn-link d-flex text-left\" type=\"button\" data-toggle=\"collapse\" data-target=\"#collapsepix-tab-54c3d71-981bc8f\" aria-expanded=\"true\" aria-controls=\"collapsepix-tab-54c3d71-981bc8f\"><span class=\"d-inline-flex align-self-center text-secondary svg-202 text-20 pix-mr-10\"><svg class=\"pixfort-icon \" width=\"24\" height=\"24\"  data-name=\"Line\/pixfort-icon-arrow-right-2\" viewBox=\"2 2 20 20\"><polyline fill=\"none\" stroke=\"var(--pf-icon-color)\" stroke-linecap=\"round\" stroke-linejoin=\"round\" stroke-width=\"var(--pf-icon-stroke-width)\" points=\"9.5 17 14.5 12 9.5 7\"\/><\/svg><\/span><span class=\"d-inline-flex  text-secondary\" >TurkishBank - T\u00fcrkiye<\/span><\/button>\n               <\/div>\n\n               <div id=\"collapsepix-tab-54c3d71-981bc8f\" class=\"collapse \" aria-labelledby=\"headingpix-tab-54c3d71-981bc8f\">\n                 <div class=\"card-body\"><p class=\"228bf8a64b8551e1MsoNormal\">Esentepe Mah. Ali Kaya Sok. Pol Center A Blok No:1A\/52 \u015ei\u015fli\/\u0130stanbul \u2013 T\u00fcrkiye<\/p><p><b>Tel: <\/b>(90) (212) 373 63 73<\/p><p><b>Fax<\/b><b>: <\/b>(90) (212) 247 78 95<\/p><p><b>Web: <\/b><span style=\"color: #dc5f13;\"><a style=\"color: #dc5f13;\" href=\"https:\/\/www.turkishbank.com\/\">https:\/\/www.turkishbank.com\/<\/a><\/span><\/p><\/div>\n               <\/div>\n             <\/div><\/div>\t\t\t\t<\/div>\n\t\t\t\t<\/div>\n\t\t\t\t<div class=\"elementor-element elementor-element-000d8a8 elementor-widget__width-inherit elementor-widget elementor-widget-pix-accordion\" data-id=\"000d8a8\" data-element_type=\"widget\" data-e-type=\"widget\" data-widget_type=\"pix-accordion.default\">\n\t\t\t\t<div class=\"elementor-widget-container\">\n\t\t\t\t\t<div class=\"accordion w-100 accordion-card bg-white2 rounded-lg2\" id=\"accordion-000d8a8\"><div class=\"card\">\n               <div class=\"card-header pix-mb-10 shadow-sm rounded-lg bg-primary\" id=\"headingpix-tab-000d8a8-981bc8f\" >\n                   <button class=\"btn btn-link d-flex text-left\" type=\"button\" data-toggle=\"collapse\" data-target=\"#collapsepix-tab-000d8a8-981bc8f\" aria-expanded=\"true\" aria-controls=\"collapsepix-tab-000d8a8-981bc8f\"><span class=\"d-inline-flex align-self-center text-white svg-202 text-20 pix-mr-10\"><svg class=\"pixfort-icon \" width=\"24\" height=\"24\"  data-name=\"Line\/pixfort-icon-arrow-right-2\" viewBox=\"2 2 20 20\"><polyline fill=\"none\" stroke=\"var(--pf-icon-color)\" stroke-linecap=\"round\" stroke-linejoin=\"round\" stroke-width=\"var(--pf-icon-stroke-width)\" points=\"9.5 17 14.5 12 9.5 7\"\/><\/svg><\/span><span class=\"d-inline-flex  text-white\" >Turkish Securities - T\u00fcrkiye<\/span><\/button>\n               <\/div>\n\n               <div id=\"collapsepix-tab-000d8a8-981bc8f\" class=\"collapse \" aria-labelledby=\"headingpix-tab-000d8a8-981bc8f\">\n                 <div class=\"card-body\"><p>Esentepe Mahallesi Ali Kaya Sokak Pol Center A Blok No: 1 \u0130\u00e7 Kap\u0131 No: 62 \u015ei\u015fli \/ \u0130stanbul<br \/><b>Tel: <\/b>(90) (212) 315 10 00<br \/><b>Fax<\/b><b>: <\/b>(90) (212) 315 10 01<\/p><p><b>Web: <\/b><span style=\"color: #dc5f13;\"><a style=\"color: #dc5f13;\" href=\"https:\/\/www.turkishmenkuldegerler.com\/\">https:\/\/www.turkishmenkuldegerler.com\/<\/a><\/span><\/p><\/div>\n               <\/div>\n             <\/div><\/div>\t\t\t\t<\/div>\n\t\t\t\t<\/div>\n\t\t\t\t<div class=\"elementor-element elementor-element-4385e24 elementor-widget__width-inherit elementor-widget elementor-widget-pix-accordion\" data-id=\"4385e24\" data-element_type=\"widget\" data-e-type=\"widget\" data-widget_type=\"pix-accordion.default\">\n\t\t\t\t<div class=\"elementor-widget-container\">\n\t\t\t\t\t<div class=\"accordion w-100 accordion-card bg-white2 rounded-lg2\" id=\"accordion-4385e24\"><div class=\"card\">\n               <div class=\"card-header pix-mb-10 shadow-sm rounded-lg bg-custom\" id=\"headingpix-tab-4385e24-981bc8f\" style=\"background:#A59B94 !important\">\n                   <button class=\"btn btn-link d-flex text-left\" type=\"button\" data-toggle=\"collapse\" data-target=\"#collapsepix-tab-4385e24-981bc8f\" aria-expanded=\"true\" aria-controls=\"collapsepix-tab-4385e24-981bc8f\"><span class=\"d-inline-flex align-self-center text-secondary svg-202 text-20 pix-mr-10\"><svg class=\"pixfort-icon \" width=\"24\" height=\"24\"  data-name=\"Line\/pixfort-icon-arrow-right-2\" viewBox=\"2 2 20 20\"><polyline fill=\"none\" stroke=\"var(--pf-icon-color)\" stroke-linecap=\"round\" stroke-linejoin=\"round\" stroke-width=\"var(--pf-icon-stroke-width)\" points=\"9.5 17 14.5 12 9.5 7\"\/><\/svg><\/span><span class=\"d-inline-flex  text-secondary\" >T-Gate - T\u00fcrkiye<\/span><\/button>\n               <\/div>\n\n               <div id=\"collapsepix-tab-4385e24-981bc8f\" class=\"collapse \" aria-labelledby=\"headingpix-tab-4385e24-981bc8f\">\n                 <div class=\"card-body\"><p>Esentepe Mah. Ali Kaya Sok. No: 1A\/52 Polat Plaza A Blok 34374 \u015ei\u015fli \/ \u0130stanbul<\/p><p><b>Tel: <\/b>90 212 373 63 73<\/p><p><b>Web: <\/b><a href=\"https:\/\/t-gate.co\/\"><span style=\"color: #dc5f13;\">https:\/\/t-gate.co\/<\/span><\/a><\/p><\/div>\n               <\/div>\n             <\/div><\/div>\t\t\t\t<\/div>\n\t\t\t\t<\/div>\n\t\t\t\t<div class=\"elementor-element elementor-element-a2a30bc elementor-widget__width-inherit elementor-widget elementor-widget-pix-accordion\" data-id=\"a2a30bc\" data-element_type=\"widget\" data-e-type=\"widget\" data-widget_type=\"pix-accordion.default\">\n\t\t\t\t<div class=\"elementor-widget-container\">\n\t\t\t\t\t<div class=\"accordion w-100 accordion-card bg-white2 rounded-lg2\" id=\"accordion-a2a30bc\"><div class=\"card\">\n               <div class=\"card-header pix-mb-10 shadow-sm rounded-lg bg-primary\" id=\"headingpix-tab-a2a30bc-981bc8f\" >\n                   <button class=\"btn btn-link d-flex text-left\" type=\"button\" data-toggle=\"collapse\" data-target=\"#collapsepix-tab-a2a30bc-981bc8f\" aria-expanded=\"true\" aria-controls=\"collapsepix-tab-a2a30bc-981bc8f\"><span class=\"d-inline-flex align-self-center text-white svg-202 text-20 pix-mr-10\"><svg class=\"pixfort-icon \" width=\"24\" height=\"24\"  data-name=\"Line\/pixfort-icon-arrow-right-2\" viewBox=\"2 2 20 20\"><polyline fill=\"none\" stroke=\"var(--pf-icon-color)\" stroke-linecap=\"round\" stroke-linejoin=\"round\" stroke-width=\"var(--pf-icon-stroke-width)\" points=\"9.5 17 14.5 12 9.5 7\"\/><\/svg><\/span><span class=\"d-inline-flex  text-white\" >Turkish Digital Technology - T\u00fcrkiye<\/span><\/button>\n               <\/div>\n\n               <div id=\"collapsepix-tab-a2a30bc-981bc8f\" class=\"collapse \" aria-labelledby=\"headingpix-tab-a2a30bc-981bc8f\">\n                 <div class=\"card-body\"><p class=\"228bf8a64b8551e1MsoNormal\">Esentepe Mahallesi Ali Kaya Sokak Pol Center A Blok 1\/A 52 \u015ei\u015fli \/ \u0130stanbul<\/p><p class=\"228bf8a64b8551e1MsoNormal\"><strong>Tel:<\/strong> (90)\u00a0<span class=\"wmi-callto\">(212) 373 63 73<\/span>\u00a0<\/p><\/div>\n               <\/div>\n             <\/div><\/div>\t\t\t\t<\/div>\n\t\t\t\t<\/div>\n\t\t\t\t<div class=\"elementor-element elementor-element-3affcb1 elementor-widget__width-inherit elementor-widget elementor-widget-pix-accordion\" data-id=\"3affcb1\" data-element_type=\"widget\" data-e-type=\"widget\" data-widget_type=\"pix-accordion.default\">\n\t\t\t\t<div class=\"elementor-widget-container\">\n\t\t\t\t\t<div class=\"accordion w-100 accordion-card bg-white2 rounded-lg2\" id=\"accordion-3affcb1\"><div class=\"card\">\n               <div class=\"card-header pix-mb-10 shadow-sm rounded-lg bg-custom\" id=\"headingpix-tab-3affcb1-981bc8f\" style=\"background:#A59B94 !important\">\n                   <button class=\"btn btn-link d-flex text-left\" type=\"button\" data-toggle=\"collapse\" data-target=\"#collapsepix-tab-3affcb1-981bc8f\" aria-expanded=\"true\" aria-controls=\"collapsepix-tab-3affcb1-981bc8f\"><span class=\"d-inline-flex align-self-center text-secondary svg-202 text-20 pix-mr-10\"><svg class=\"pixfort-icon \" width=\"24\" height=\"24\"  data-name=\"Line\/pixfort-icon-arrow-right-2\" viewBox=\"2 2 20 20\"><polyline fill=\"none\" stroke=\"var(--pf-icon-color)\" stroke-linecap=\"round\" stroke-linejoin=\"round\" stroke-width=\"var(--pf-icon-stroke-width)\" points=\"9.5 17 14.5 12 9.5 7\"\/><\/svg><\/span><span class=\"d-inline-flex  text-secondary\" >Sigortech - T\u00fcrkiye<\/span><\/button>\n               <\/div>\n\n               <div id=\"collapsepix-tab-3affcb1-981bc8f\" class=\"collapse \" aria-labelledby=\"headingpix-tab-3affcb1-981bc8f\">\n                 <div class=\"card-body\"><p class=\"228bf8a64b8551e1MsoNormal\">Esentepe Mahallesi Ali Kaya Sokak Pol Center A Blok 1A\/59 \u015ei\u015fli \/ \u0130stanbul<\/p><p class=\"228bf8a64b8551e1MsoNormal\"><strong>Tel:<\/strong> (90)\u00a0<span class=\"wmi-callto\">(212) 373 63 73<\/span>\u00a0<\/p><\/div>\n               <\/div>\n             <\/div><\/div>\t\t\t\t<\/div>\n\t\t\t\t<\/div>\n\t\t\t\t\t<\/div>\n\t\t<\/div>\n\t\t\t\t\t<\/div>\n\t\t<\/section>\n\t\t\t\t\t<\/div>\n\t\t<\/div>\n\t\t\t\t\t<\/div>\n\t\t<\/section>\n\t\t<div class=\"elementor-element elementor-element-5f982ecf e-flex e-con-boxed e-con e-parent\" data-id=\"5f982ecf\" data-element_type=\"container\" data-e-type=\"container\">\n\t\t\t\t\t<div class=\"e-con-inner\">\n\t\t\t\t\t<\/div>\n\t\t\t\t<\/div>\n\t\t\t\t<\/div>\n\t\t","protected":false},"excerpt":{"rendered":"<p>TurkishBank Group Our Head Offices Our Group Companies Our Head Offices T\u00fcrkBankas\u0131 &#8211; Cyprus 92 Girne Cad. Lefko\u015fa \/ K\u0131br\u0131s Tel: (90) (392) 600 33 33 \u00c7a\u011fr\u0131 Merkezi: (90) (392) 444 73 73 Fax: (90) (392) 227 94 47 Web:&#8230;<\/p>\n","protected":false},"author":1,"featured_media":0,"parent":0,"menu_order":0,"comment_status":"closed","ping_status":"closed","template":"","meta":{"footnotes":""},"class_list":["post-14897","page","type-page","status-publish","hentry"],"_links":{"self":[{"href":"https:\/\/turkishbankgroup.com\/en\/wp-json\/wp\/v2\/pages\/14897","targetHints":{"allow":["GET"]}}],"collection":[{"href":"https:\/\/turkishbankgroup.com\/en\/wp-json\/wp\/v2\/pages"}],"about":[{"href":"https:\/\/turkishbankgroup.com\/en\/wp-json\/wp\/v2\/types\/page"}],"author":[{"embeddable":true,"href":"https:\/\/turkishbankgroup.com\/en\/wp-json\/wp\/v2\/users\/1"}],"replies":[{"embeddable":true,"href":"https:\/\/turkishbankgroup.com\/en\/wp-json\/wp\/v2\/comments?post=14897"}],"version-history":[{"count":105,"href":"https:\/\/turkishbankgroup.com\/en\/wp-json\/wp\/v2\/pages\/14897\/revisions"}],"predecessor-version":[{"id":17007,"href":"https:\/\/turkishbankgroup.com\/en\/wp-json\/wp\/v2\/pages\/14897\/revisions\/17007"}],"wp:attachment":[{"href":"https:\/\/turkishbankgroup.com\/en\/wp-json\/wp\/v2\/media?parent=14897"}],"curies":[{"name":"wp","href":"https:\/\/api.w.org\/{rel}","templated":true}]}}